{"id":223,"date":"2025-10-20T22:09:03","date_gmt":"2025-10-20T22:09:03","guid":{"rendered":"https:\/\/lilypenaranda.com\/?page_id=223"},"modified":"2025-10-21T00:10:34","modified_gmt":"2025-10-21T00:10:34","slug":"sustainable-development","status":"publish","type":"page","link":"https:\/\/lilypenaranda.com\/es\/blog\/sustainable-development\/","title":{"rendered":"Desarrollo Sostenible"},"content":{"rendered":"<div class=\"wp-block-query is-layout-flow wp-block-query-is-layout-flow\"><ul class=\"wp-block-post-template is-layout-flow wp-block-post-template-is-layout-flow\"><li class=\"wp-block-post post-240 post type-post status-publish format-standard has-post-thumbnail hentry category-sus_dev tag-bol\">\n\n<div class=\"wp-block-columns alignwide is-layout-flex wp-container-core-columns-is-layout-28f84493 wp-block-columns-is-layout-flex\">\n<div class=\"wp-block-column is-layout-flow wp-block-column-is-layout-flow\" style=\"flex-basis:66.66%\"><figure class=\"wp-block-post-featured-image\"><a href=\"https:\/\/lilypenaranda.com\/es\/es-tu-envidia-mi-bendicion\/\" target=\"_self\"  ><img loading=\"lazy\" decoding=\"async\" width=\"1908\" height=\"801\" src=\"https:\/\/lilypenaranda.com\/wp-content\/uploads\/2019\/09\/es-tu-envidia-mi-bendicion-3.jpg\" class=\"attachment-post-thumbnail size-post-thumbnail wp-post-image\" alt=\"\u00bfEs tu envidia mi bendici\u00f3n?\" style=\"object-fit:cover;\" srcset=\"https:\/\/lilypenaranda.com\/wp-content\/uploads\/2019\/09\/es-tu-envidia-mi-bendicion-3.jpg 1908w, https:\/\/lilypenaranda.com\/wp-content\/uploads\/2019\/09\/es-tu-envidia-mi-bendicion-3-300x126.jpg 300w, https:\/\/lilypenaranda.com\/wp-content\/uploads\/2019\/09\/es-tu-envidia-mi-bendicion-3-1024x430.jpg 1024w, https:\/\/lilypenaranda.com\/wp-content\/uploads\/2019\/09\/es-tu-envidia-mi-bendicion-3-768x322.jpg 768w, https:\/\/lilypenaranda.com\/wp-content\/uploads\/2019\/09\/es-tu-envidia-mi-bendicion-3-1536x645.jpg 1536w\" sizes=\"auto, (max-width: 1908px) 100vw, 1908px\" \/><\/a><\/figure><\/div>\n\n\n\n<div class=\"wp-block-column is-layout-flow wp-block-column-is-layout-flow\" style=\"flex-basis:33.33%\"><h2 class=\"wp-block-post-title\"><a href=\"https:\/\/lilypenaranda.com\/es\/es-tu-envidia-mi-bendicion\/\" target=\"_self\" >\u00bfEs tu envidia mi bendici\u00f3n?<\/a><\/h2>\n\n<div class=\"wp-block-post-excerpt\"><p class=\"wp-block-post-excerpt__excerpt\">La problem\u00e1tica del transporte p\u00fablico en Bolivia es algo que compartimos con pa\u00edses como Uganda, Rwanda, Tanzania, Senegal o Algeria, los cuales tienen ciudades que, al igual que los centros metropolitanos de Bolivia, cuentan con 80% o hasta 100% de servicios de transporte colectivos informales (The World Resources Institute). Este tipo de servicio de transporte<\/p><p class=\"wp-block-post-excerpt__more-text\"><a class=\"wp-block-post-excerpt__more-link\" href=\"https:\/\/lilypenaranda.com\/es\/es-tu-envidia-mi-bendicion\/\">lee m\u00e1s<\/a><\/p><\/div><\/div>\n<\/div>\n\n<\/li><\/ul><\/div>\n\n\n\n<p><\/p>","protected":false},"excerpt":{"rendered":"","protected":false},"author":1,"featured_media":0,"parent":10,"menu_order":0,"comment_status":"closed","ping_status":"closed","template":"","meta":{"footnotes":""},"class_list":["post-223","page","type-page","status-publish","hentry"],"_hostinger_reach_plugin_has_subscription_block":false,"_hostinger_reach_plugin_is_elementor":false,"_links":{"self":[{"href":"https:\/\/lilypenaranda.com\/es\/wp-json\/wp\/v2\/pages\/223","targetHints":{"allow":["GET"]}}],"collection":[{"href":"https:\/\/lilypenaranda.com\/es\/wp-json\/wp\/v2\/pages"}],"about":[{"href":"https:\/\/lilypenaranda.com\/es\/wp-json\/wp\/v2\/types\/page"}],"author":[{"embeddable":true,"href":"https:\/\/lilypenaranda.com\/es\/wp-json\/wp\/v2\/users\/1"}],"replies":[{"embeddable":true,"href":"https:\/\/lilypenaranda.com\/es\/wp-json\/wp\/v2\/comments?post=223"}],"version-history":[{"count":5,"href":"https:\/\/lilypenaranda.com\/es\/wp-json\/wp\/v2\/pages\/223\/revisions"}],"predecessor-version":[{"id":246,"href":"https:\/\/lilypenaranda.com\/es\/wp-json\/wp\/v2\/pages\/223\/revisions\/246"}],"up":[{"embeddable":true,"href":"https:\/\/lilypenaranda.com\/es\/wp-json\/wp\/v2\/pages\/10"}],"wp:attachment":[{"href":"https:\/\/lilypenaranda.com\/es\/wp-json\/wp\/v2\/media?parent=223"}],"curies":[{"name":"wp","href":"https:\/\/api.w.org\/{rel}","templated":true}]}}