{"id":30,"date":"2025-10-13T14:29:46","date_gmt":"2025-10-13T14:29:46","guid":{"rendered":"https:\/\/darksalmon-jay-695301.hostingersite.com\/?page_id=30"},"modified":"2025-10-30T13:59:43","modified_gmt":"2025-10-30T17:59:43","slug":"about-me","status":"publish","type":"page","link":"https:\/\/lilypenaranda.com\/es\/about-me\/","title":{"rendered":"Sobre m\u00ed"},"content":{"rendered":"<figure class=\"wp-block-image size-large is-resized\"><img loading=\"lazy\" decoding=\"async\" width=\"939\" height=\"1024\" src=\"https:\/\/lilypenaranda.com\/wp-content\/uploads\/2025\/10\/Lily-Penaranda-map-939x1024.png\" alt=\"\" class=\"wp-image-403\" style=\"width:761px;height:auto\" srcset=\"https:\/\/lilypenaranda.com\/wp-content\/uploads\/2025\/10\/Lily-Penaranda-map-939x1024.png 939w, https:\/\/lilypenaranda.com\/wp-content\/uploads\/2025\/10\/Lily-Penaranda-map-275x300.png 275w, https:\/\/lilypenaranda.com\/wp-content\/uploads\/2025\/10\/Lily-Penaranda-map-768x838.png 768w, https:\/\/lilypenaranda.com\/wp-content\/uploads\/2025\/10\/Lily-Penaranda-map-1408x1536.png 1408w, https:\/\/lilypenaranda.com\/wp-content\/uploads\/2025\/10\/Lily-Penaranda-map-1877x2048.png 1877w\" sizes=\"auto, (max-width: 939px) 100vw, 939px\" \/><\/figure>\n\n\n\n<div class=\"wp-block-group is-nowrap is-layout-flex wp-container-core-group-is-layout-6c531013 wp-block-group-is-layout-flex\">\n<p class=\"has-text-align-left has-medium-font-size\">Soy una analista boliviana de riesgos geopol\u00edticos con una Maestr\u00eda en Relaciones Internacionales de la London School of Economics (LSE)\ufeff, especializada en an\u00e1lisis basado en datos y el impacto de las din\u00e1micas de poder global en regiones perif\u00e9ricas. Mi investigaci\u00f3n explora cr\u00edticamente el paradigma de desarrollo internacional, las influencias geopol\u00edticas que moldean Am\u00e9rica Latina\u2014especialmente desde la perspectiva de Bolivia\ufeff\u2014y las estrategias de desarrollo sostenible.<\/p>\n<\/div>\n\n\n\n<p>Mi historial de publicaciones se centra principalmente en Bolivia y ofrece evaluaciones estrat\u00e9gicas relevantes para la econom\u00eda pol\u00edtica de Am\u00e9rica Latina, con un \u00e9nfasis particular en las din\u00e1micas sociales, econ\u00f3micas y pol\u00edticas bolivianas. Esto incluye contribuciones a estudios sobre la influencia de la pol\u00edtica exterior de EE. UU.\ufeff, los objetivos de desarrollo sostenible y la gobernanza local.<\/p>\n\n\n\n<p>Con experiencia como diplom\u00e1tica en el Ministerio de Relaciones Exteriores de Bolivia, docente en universidades l\u00edderes bolivianas y consultora del sector privado, aporto una combinaci\u00f3n equilibrada de experiencia pr\u00e1ctica y an\u00e1lisis acad\u00e9mico riguroso.<\/p>\n\n\n\n<p>Inspirada como coautora del\u00a0<em>Atlas Municial de los ODS en Bolivia,<\/em>\u00a0me he orientado hacia una carrera centrada en microdatos, an\u00e1lisis de datos y visualizaci\u00f3n de datos. A trav\u00e9s de mi proyecto \u201cBolivia en Datos\ufeff\u201d, disponible en mi sitio web, recopilo estad\u00edsticas bolivianas que no est\u00e1n disponibles p\u00fablicamente pero que son esenciales para un an\u00e1lisis informado. Esta plataforma ofrece an\u00e1lisis detallados de datos, visualizaciones y art\u00edculos tem\u00e1ticos para ayudar a quienes est\u00e9n interesados en comprender mejor Bolivia mediante datos concretos.<\/p>\n\n\n\n<p class=\"has-text-align-center has-medium-font-size\">Utilizo herramientas como Power BI, Stata, SPSS, Excel, ArcGIS, QGIS\ufeff y Python\ufeff para analizar y visualizar conjuntos de datos complejos. Mi objetivo es proporcionar conocimientos pr\u00e1cticos que iluminen los desaf\u00edos del desarrollo de Bolivia\ufeff y la econom\u00eda pol\u00edtica regional dentro del contexto m\u00e1s amplio de la geopol\u00edtica global.<\/p>","protected":false},"excerpt":{"rendered":"<p>I am a Bolivian geopolitical risk analyst with an MSc in International Relations from the London School of Economics (LSE), specialising in data-driven analysis and the impact of global power dynamics on peripheral regions. My research critically explores the international development paradigm, the geopolitical influences shaping Latin America\u2014especially through the eyes of Bolivia\u2014and sustainable development [&hellip;]<\/p>\n","protected":false},"author":1,"featured_media":0,"parent":0,"menu_order":0,"comment_status":"closed","ping_status":"closed","template":"","meta":{"footnotes":""},"class_list":["post-30","page","type-page","status-publish","hentry"],"_hostinger_reach_plugin_has_subscription_block":false,"_hostinger_reach_plugin_is_elementor":false,"_links":{"self":[{"href":"https:\/\/lilypenaranda.com\/es\/wp-json\/wp\/v2\/pages\/30","targetHints":{"allow":["GET"]}}],"collection":[{"href":"https:\/\/lilypenaranda.com\/es\/wp-json\/wp\/v2\/pages"}],"about":[{"href":"https:\/\/lilypenaranda.com\/es\/wp-json\/wp\/v2\/types\/page"}],"author":[{"embeddable":true,"href":"https:\/\/lilypenaranda.com\/es\/wp-json\/wp\/v2\/users\/1"}],"replies":[{"embeddable":true,"href":"https:\/\/lilypenaranda.com\/es\/wp-json\/wp\/v2\/comments?post=30"}],"version-history":[{"count":14,"href":"https:\/\/lilypenaranda.com\/es\/wp-json\/wp\/v2\/pages\/30\/revisions"}],"predecessor-version":[{"id":416,"href":"https:\/\/lilypenaranda.com\/es\/wp-json\/wp\/v2\/pages\/30\/revisions\/416"}],"wp:attachment":[{"href":"https:\/\/lilypenaranda.com\/es\/wp-json\/wp\/v2\/media?parent=30"}],"curies":[{"name":"wp","href":"https:\/\/api.w.org\/{rel}","templated":true}]}}