{"id":36,"date":"2025-10-13T14:40:31","date_gmt":"2025-10-13T14:40:31","guid":{"rendered":"https:\/\/darksalmon-jay-695301.hostingersite.com\/?page_id=36"},"modified":"2025-12-16T14:53:49","modified_gmt":"2025-12-16T18:53:49","slug":"publications","status":"publish","type":"page","link":"https:\/\/lilypenaranda.com\/es\/publications\/","title":{"rendered":"Publicaciones"},"content":{"rendered":"<p><strong>Pr\u00f3ximas Publicaciones<\/strong><\/p>\n\n\n\n<p>Pe\u00f1aranda, L., 2026, El fracaso del modelo econ\u00f3mico de Bolivia \u00bfQu\u00e9 pasar\u00e1 despu\u00e9s de las elecciones presidenciales?,&nbsp;<em>Foreign Affairs Latinoam\u00e9rica<\/em>, Print Edition, January (2026).<\/p>\n\n\n\n<p><strong>Cap\u00edtulo de Libro<\/strong><\/p>\n\n\n\n<p>Pe\u00f1aranda L.F., <a href=\"https:\/\/www.academia.edu\/145348552\/1952_Las_huellas_de_Revolucin_Lily_Penaranda\">El paradigma de desarrollo internacional y el proceso de desarrollo de Bolivia, 1952-2022<\/a>, in: <em>1952, las huellas de la Revoluci\u00f3n, <\/em>Plural editores, La Paz.<\/p>\n\n\n\n<p><strong>Art\u00edculos de opini\u00f3n<\/strong><\/p>\n\n\n\n<p>Pe\u00f1aranda L., 2025, <a href=\"https:\/\/thedeerfieldreport.com\/f\/bolivia%E2%80%99s-crisis-how-bad-is-it-and-what-comes-next?blogcategory=Bolivia&amp;fbclid=IwVERDUAOiUAtleHRuA2FlbQIxMABzcnRjBmFwcF9pZAwzNTA2ODU1MzE3MjgAAR4jQkgGeqLUSfTEH3144KYbihJtWIUXbwP982nD1j1tdupMxkZ6zms1_aLZ9A_aem_ZVx3e21JYdrYKLJE1D88-g\">Bolivia\u2019s Crisis: How Bad Is It, and What Comes Next<\/a>?, <em>The Deerfield Report, <\/em>November 28<\/p>\n\n\n\n<p>Pe\u00f1aranda L.F., 2025, <a href=\"https:\/\/thedeerfieldreport.com\/f\/the-ongoing-crisis-in-bolivia\">The Ongoing Crisis in Bolivia<\/a>, <em>The Deerfield Report, <\/em>May 25.<\/p>\n\n\n\n<p>Pe\u00f1aranda L.F., 2025, <a href=\"https:\/\/brujuladigital.net\/politica\/2025\/02\/10\/analisisadios-al-soft-power-de-eeuulily-penaranda-ferrufino-42996\">Adi\u00f3s al softpower de EEUU<\/a> \/ <a href=\"https:\/\/lilypenaranda.com\/es\/l\/goodbye-to-us-soft-power\/\">Goodbye to USAs soft power<\/a>, br\u00fajula digital, February 10.<\/p>\n\n\n\n<p>Pe\u00f1aranda L.F., 2023, <a href=\"https:\/\/thedeerfieldreport.com\/f\/depletion-of-gas-reserves-in-bolivia-economic-impact\">Depletion of gas reserves in Bolivia: Economic impact<\/a>, <em>The Deerfield Report, <\/em>October 14.<\/p>\n\n\n\n<p>Pe\u00f1aranda L.F., 2019,&nbsp; <a href=\"http:\/\/bit.ly\/2SbhPi9\">Will Bolivia be able to hold fair and free elections soon?<\/a>, <em>The American Dialogue,<\/em> November 21.<\/p>\n\n\n\n<p>Pe\u00f1aranda L.F., 2018, <a href=\"https:\/\/moderndiplomacy.eu\/2018\/06\/23\/stronger-sanctions-wont-solve-the-venezuelan-problem\/\">Stronger Sanctions won\u2019t solve the Venezuelan Problem,&nbsp; <em>Modern Diplomacy<\/em>, June23<\/a><\/p>\n\n\n\n<p><strong>Art\u00edculos<\/strong><\/p>\n\n\n\n<p>Pe\u00f1aranda L., 2023, <a href=\"https:\/\/sdsnbolivia.org\/documento-de-trabajo-n-7-2023-el-sistema-de-visas-en-bolivia-y-su-impacto-en-el-turismo\/\">El sistema de visas en Bolivia y su impacto en el turismo<\/a>, SDSN Bolivia, Working Paper N\u00b07\/2023<\/p>\n\n\n\n<p>Pe\u00f1aranda L., 2019, <a href=\"http:\/\/southernvoice.org\/wp-content\/uploads\/2020\/04\/development-effectiveness-bolivia-penaranda-2019.pdf\">The Political Economy of Development Effectiveness in Bolivia<\/a>, <em>Southern Voice<\/em>, Rethinking Development Effectiveness Project.<\/p>\n\n\n\n<p>Pe\u00f1aranda L.E., 2019, <a href=\"https:\/\/www.academia.edu\/49412328\/La_Pol%C3%ADtica_de_la_Auto_Ayuda_Receta_infruct%C3%ADfera_para_el_desarrollo_de_Bolivia\"><em>La Pol\u00edtica de la Auto-Ayuda: Receta Infruct\u00edfera para el desarrollo de Bolivia<\/em><\/a>, in: Revista de An\u00e1lisis e investigaciones Vol.10, pp.85-130.<\/p>\n\n\n\n<p><strong>Atlas<\/strong><\/p>\n\n\n\n<p>Andersen, L.E., Canelas, S., Gonzales, A., Pe\u00f1aranda, L. (2020), <a href=\"https:\/\/sdsnbolivia.org\/atlas\/\"><em>The<\/em><em> Municipal Atlas of the SDGs in Bolivia<\/em><\/a>. La Paz: Universidad Privada Boliviana, SDSN Bolivia.<\/p>\n\n\n\n<p><strong>Art\u00edculos de Blog<\/strong><\/p>\n\n\n\n<p>Andersen L., Pe\u00f1aranda L., 2019, <a href=\"https:\/\/www.sdsnbolivia.org\/en\/la-huella-de-los-idiomas-en-el-desarrollo-humano-y-economico-bolivia\/\">The influence of language on human and economic development in Bolivia<\/a>, SDSN Bolivia.<\/p>\n\n\n\n<p>Pe\u00f1aranda L., 2019, <a href=\"https:\/\/www.sdsnbolivia.org\/en\/el-altiplano-boliviano-un-reto-para-el-proceso-de-desarrollo-del-pais\/\">The Bolivian Highlands: A challenge for the country\u2019s development<\/a>, SDSN Bolivia.<\/p>\n\n\n\n<p>Andersen L., Pe\u00f1aranda L., 2019, <a href=\"https:\/\/www.sdsnbolivia.org\/en\/la-capacidad-de-gestion-de-recursos-fiscales-en-los-municipios-bolivianos\/\">The fiscal resources management capacity in Bolivian municipalities<\/a>, SDSN Bolivia.<\/p>\n\n\n\n<p>Andersen L., Pe\u00f1aranda L., Guzm\u00e1n G.,2019, <a href=\"https:\/\/www.sdsnbolivia.org\/en\/viviendas-vacias-en-el-altiplano-de-bolivia-evidencia-de-la-migracion-temporal-e-incompleta\/\">Empty homes in the Bolivian highlands: Evidence of temporary and incomplete migration<\/a>, SDSN Bolivia.<\/p>\n\n\n\n<p><strong>Tesis de Licenciatura &amp; Maestr\u00eda \/ investigaci\u00f3n no publicada<\/strong><\/p>\n\n\n\n<p><a href=\"https:\/\/www.academia.edu\/35933906\/INDIGENOUS_POLITICAL_THINKING_AND_DIPLOMATIC_CONVENTIONS\">Indigenous political thinking and diplomatic conventions<\/a><\/p>\n\n\n\n<p><a href=\"https:\/\/www.academia.edu\/35717077\/COGNITION_EMOTION_AND_COLLECTIVE_ACTION_IN_FOREIGN_POLICY\">Cognition emotion and collective action in foreign policy<\/a><\/p>\n\n\n\n<p><a href=\"https:\/\/www.academia.edu\/35717004\/CYBERATTCKS_ON_CRITICAL_INFRASTRUCTURE_IN_LATIN_AMERICA\">Cyberattacks on critical infrastructure in Latin America<\/a><\/p>\n\n\n\n<p><a href=\"https:\/\/www.academia.edu\/35933936\/THE_RISE_OF_NATIONALISM_IN_EUROPE_A_story_of_migration_national_security_and_international_development\">The rise of nationalism in Europe: A story of migration, national security and international development<\/a> (MSc Dissertation)<\/p>\n\n\n\n<p><a href=\"https:\/\/www.academia.edu\/35933998\/El_desarrollo_de_los_estados_subdesarrollados_en_un_mundo_altamente_interdependiente_Primera_Parte\">El Desarrollo de los estados subdesarrollados en un mundo altamente interdependiente<\/a> (Licenciate Thesis)<\/p>\n\n\n\n<div class=\"wp-block-buttons is-content-justification-space-between is-layout-flex wp-container-core-buttons-is-layout-2eb6dc02 wp-block-buttons-is-layout-flex\">\n<div class=\"wp-block-button is-style-fill\"><a class=\"wp-block-button__link has-light-color has-text-color has-background has-link-color has-border-color has-medium-font-size has-custom-font-size wp-element-button\" href=\"https:\/\/lilypenaranda.com\/es\/blog\/\" style=\"border-color:#78aeb2;border-radius:42px;background-color:#78aeb2\"><strong>Ir a Blog<\/strong><\/a><\/div>\n<\/div>\n\n\n\n<p><\/p>","protected":false},"excerpt":{"rendered":"<p>Forthcoming Publications Pe\u00f1aranda, L., 2026, El fracaso del modelo econ\u00f3mico de Bolivia \u00bfQu\u00e9 pasar\u00e1 despu\u00e9s de las elecciones presidenciales?,&nbsp;Foreign Affairs Latinoam\u00e9rica, Print Edition, January (2026). Book Chapter Pe\u00f1aranda L.F., 2025, The international development paradigm and the development process of Bolivia 1952-2022, in: 1952, las huellas de la Revoluci\u00f3n, Plural editores, La Paz. OpEd Articles Pe\u00f1aranda [&hellip;]<\/p>\n","protected":false},"author":1,"featured_media":0,"parent":0,"menu_order":0,"comment_status":"closed","ping_status":"closed","template":"","meta":{"footnotes":""},"class_list":["post-36","page","type-page","status-publish","hentry"],"_hostinger_reach_plugin_has_subscription_block":false,"_hostinger_reach_plugin_is_elementor":false,"_links":{"self":[{"href":"https:\/\/lilypenaranda.com\/es\/wp-json\/wp\/v2\/pages\/36","targetHints":{"allow":["GET"]}}],"collection":[{"href":"https:\/\/lilypenaranda.com\/es\/wp-json\/wp\/v2\/pages"}],"about":[{"href":"https:\/\/lilypenaranda.com\/es\/wp-json\/wp\/v2\/types\/page"}],"author":[{"embeddable":true,"href":"https:\/\/lilypenaranda.com\/es\/wp-json\/wp\/v2\/users\/1"}],"replies":[{"embeddable":true,"href":"https:\/\/lilypenaranda.com\/es\/wp-json\/wp\/v2\/comments?post=36"}],"version-history":[{"count":12,"href":"https:\/\/lilypenaranda.com\/es\/wp-json\/wp\/v2\/pages\/36\/revisions"}],"predecessor-version":[{"id":443,"href":"https:\/\/lilypenaranda.com\/es\/wp-json\/wp\/v2\/pages\/36\/revisions\/443"}],"wp:attachment":[{"href":"https:\/\/lilypenaranda.com\/es\/wp-json\/wp\/v2\/media?parent=36"}],"curies":[{"name":"wp","href":"https:\/\/api.w.org\/{rel}","templated":true}]}}